{"id":22,"date":"2020-02-16T14:09:53","date_gmt":"2020-02-16T13:09:53","guid":{"rendered":"http:\/\/maisonlacroixvalmer.fr\/?page_id=22"},"modified":"2026-03-22T18:04:46","modified_gmt":"2026-03-22T17:04:46","slug":"une-section-de-page-daccueil","status":"publish","type":"page","link":"https:\/\/maisonlacroixvalmer.fr\/index.php\/accueil\/une-section-de-page-daccueil\/","title":{"rendered":"Pour en profiter pleinement&#8230;"},"content":{"rendered":"\n<p>La piscine, le terrain de p\u00e9tanque, les nombreuses chaises longues, tables et chaises ext\u00e9rieures vous attendent.<\/p>\n\n\n\n<p>Pour les plus courageux, la table de Ping-Pong est aussi disponible.<\/p>\n\n\n\n<p>Pour agr\u00e9menter vos ap\u00e9ritifs et d\u00eeners, un barbecue\/plancha \u00e0 gaz est \u00e0 disposition.<\/p>\n\n\n\n<figure class=\"wp-block-image size-large\"><img loading=\"lazy\" decoding=\"async\" width=\"825\" height=\"1024\" src=\"http:\/\/maisonlacroixvalmer.fr\/wp-content\/uploads\/2026\/03\/BDC3D3D3-8BCB-4390-A6B8-464F7DB79074-825x1024.jpg\" alt=\"\" class=\"wp-image-295\" srcset=\"https:\/\/maisonlacroixvalmer.fr\/wp-content\/uploads\/2026\/03\/BDC3D3D3-8BCB-4390-A6B8-464F7DB79074-825x1024.jpg 825w, https:\/\/maisonlacroixvalmer.fr\/wp-content\/uploads\/2026\/03\/BDC3D3D3-8BCB-4390-A6B8-464F7DB79074-242x300.jpg 242w, https:\/\/maisonlacroixvalmer.fr\/wp-content\/uploads\/2026\/03\/BDC3D3D3-8BCB-4390-A6B8-464F7DB79074-768x953.jpg 768w, https:\/\/maisonlacroixvalmer.fr\/wp-content\/uploads\/2026\/03\/BDC3D3D3-8BCB-4390-A6B8-464F7DB79074-1237x1536.jpg 1237w, https:\/\/maisonlacroixvalmer.fr\/wp-content\/uploads\/2026\/03\/BDC3D3D3-8BCB-4390-A6B8-464F7DB79074-1650x2048.jpg 1650w\" sizes=\"auto, (max-width: 767px) 89vw, (max-width: 1000px) 54vw, (max-width: 1071px) 543px, 580px\" \/><\/figure>\n\n\n\n<figure class=\"wp-block-image size-large\"><img loading=\"lazy\" decoding=\"async\" width=\"768\" height=\"1024\" src=\"http:\/\/maisonlacroixvalmer.fr\/wp-content\/uploads\/2026\/03\/IMG_7894-768x1024.jpeg\" alt=\"\" class=\"wp-image-317\" srcset=\"https:\/\/maisonlacroixvalmer.fr\/wp-content\/uploads\/2026\/03\/IMG_7894-768x1024.jpeg 768w, https:\/\/maisonlacroixvalmer.fr\/wp-content\/uploads\/2026\/03\/IMG_7894-225x300.jpeg 225w, https:\/\/maisonlacroixvalmer.fr\/wp-content\/uploads\/2026\/03\/IMG_7894-1152x1536.jpeg 1152w, https:\/\/maisonlacroixvalmer.fr\/wp-content\/uploads\/2026\/03\/IMG_7894-1536x2048.jpeg 1536w, https:\/\/maisonlacroixvalmer.fr\/wp-content\/uploads\/2026\/03\/IMG_7894-scaled.jpeg 1920w\" sizes=\"auto, (max-width: 767px) 89vw, (max-width: 1000px) 54vw, (max-width: 1071px) 543px, 580px\" \/><\/figure>\n\n\n\n<figure class=\"wp-block-image size-full is-resized\"><img loading=\"lazy\" decoding=\"async\" width=\"480\" height=\"640\" src=\"http:\/\/maisonlacroixvalmer.fr\/wp-content\/uploads\/2026\/03\/IMG_1430-rotated.jpeg\" alt=\"\" class=\"wp-image-294\" style=\"aspect-ratio:0.750008693535487;width:674px;height:auto\" srcset=\"https:\/\/maisonlacroixvalmer.fr\/wp-content\/uploads\/2026\/03\/IMG_1430-rotated.jpeg 480w, https:\/\/maisonlacroixvalmer.fr\/wp-content\/uploads\/2026\/03\/IMG_1430-225x300.jpeg 225w\" sizes=\"auto, (max-width: 480px) 100vw, 480px\" \/><\/figure>\n\n\n\n<figure class=\"wp-block-image size-large\"><img loading=\"lazy\" decoding=\"async\" width=\"1024\" height=\"768\" src=\"http:\/\/maisonlacroixvalmer.fr\/wp-content\/uploads\/2026\/03\/IMG_7506-1024x768.jpeg\" alt=\"\" class=\"wp-image-314\" srcset=\"https:\/\/maisonlacroixvalmer.fr\/wp-content\/uploads\/2026\/03\/IMG_7506-1024x768.jpeg 1024w, https:\/\/maisonlacroixvalmer.fr\/wp-content\/uploads\/2026\/03\/IMG_7506-300x225.jpeg 300w, https:\/\/maisonlacroixvalmer.fr\/wp-content\/uploads\/2026\/03\/IMG_7506-768x576.jpeg 768w, https:\/\/maisonlacroixvalmer.fr\/wp-content\/uploads\/2026\/03\/IMG_7506-1536x1152.jpeg 1536w, https:\/\/maisonlacroixvalmer.fr\/wp-content\/uploads\/2026\/03\/IMG_7506-2048x1536.jpeg 2048w\" sizes=\"auto, (max-width: 767px) 89vw, (max-width: 1000px) 54vw, (max-width: 1071px) 543px, 580px\" \/><\/figure>\n\n\n\n<figure class=\"wp-block-image size-large\"><img loading=\"lazy\" decoding=\"async\" width=\"1024\" height=\"768\" src=\"http:\/\/maisonlacroixvalmer.fr\/wp-content\/uploads\/2020\/06\/IMG_3027-1024x768.jpg\" alt=\"\" class=\"wp-image-261\" srcset=\"https:\/\/maisonlacroixvalmer.fr\/wp-content\/uploads\/2020\/06\/IMG_3027-1024x768.jpg 1024w, https:\/\/maisonlacroixvalmer.fr\/wp-content\/uploads\/2020\/06\/IMG_3027-300x225.jpg 300w, https:\/\/maisonlacroixvalmer.fr\/wp-content\/uploads\/2020\/06\/IMG_3027-768x576.jpg 768w, https:\/\/maisonlacroixvalmer.fr\/wp-content\/uploads\/2020\/06\/IMG_3027-1536x1152.jpg 1536w, https:\/\/maisonlacroixvalmer.fr\/wp-content\/uploads\/2020\/06\/IMG_3027-2048x1536.jpg 2048w\" sizes=\"auto, (max-width: 767px) 89vw, (max-width: 1000px) 54vw, (max-width: 1071px) 543px, 580px\" \/><\/figure>\n\n\n\n<figure class=\"wp-block-image size-large\"><img loading=\"lazy\" decoding=\"async\" width=\"768\" height=\"1024\" src=\"http:\/\/maisonlacroixvalmer.fr\/wp-content\/uploads\/2020\/06\/IMG_2861-768x1024.jpg\" alt=\"\" class=\"wp-image-232\" srcset=\"https:\/\/maisonlacroixvalmer.fr\/wp-content\/uploads\/2020\/06\/IMG_2861-768x1024.jpg 768w, https:\/\/maisonlacroixvalmer.fr\/wp-content\/uploads\/2020\/06\/IMG_2861-225x300.jpg 225w, https:\/\/maisonlacroixvalmer.fr\/wp-content\/uploads\/2020\/06\/IMG_2861-1152x1536.jpg 1152w, https:\/\/maisonlacroixvalmer.fr\/wp-content\/uploads\/2020\/06\/IMG_2861-1536x2048.jpg 1536w, https:\/\/maisonlacroixvalmer.fr\/wp-content\/uploads\/2020\/06\/IMG_2861-scaled.jpg 1920w\" sizes=\"auto, (max-width: 767px) 89vw, (max-width: 1000px) 54vw, (max-width: 1071px) 543px, 580px\" \/><\/figure>\n\n\n\n<figure class=\"wp-block-image size-large\"><img loading=\"lazy\" decoding=\"async\" width=\"768\" height=\"1024\" src=\"http:\/\/maisonlacroixvalmer.fr\/wp-content\/uploads\/2020\/06\/IMG_2860-1-768x1024.jpg\" alt=\"\" class=\"wp-image-231\" srcset=\"https:\/\/maisonlacroixvalmer.fr\/wp-content\/uploads\/2020\/06\/IMG_2860-1-768x1024.jpg 768w, https:\/\/maisonlacroixvalmer.fr\/wp-content\/uploads\/2020\/06\/IMG_2860-1-225x300.jpg 225w, https:\/\/maisonlacroixvalmer.fr\/wp-content\/uploads\/2020\/06\/IMG_2860-1-1152x1536.jpg 1152w, https:\/\/maisonlacroixvalmer.fr\/wp-content\/uploads\/2020\/06\/IMG_2860-1-1536x2048.jpg 1536w, https:\/\/maisonlacroixvalmer.fr\/wp-content\/uploads\/2020\/06\/IMG_2860-1-scaled.jpg 1920w\" sizes=\"auto, (max-width: 767px) 89vw, (max-width: 1000px) 54vw, (max-width: 1071px) 543px, 580px\" \/><\/figure>\n","protected":false},"excerpt":{"rendered":"<p>La piscine, le terrain de p\u00e9tanque, les nombreuses chaises longues, tables et chaises ext\u00e9rieures vous attendent. Pour les plus courageux, la table de Ping-Pong est aussi disponible. Pour agr\u00e9menter vos ap\u00e9ritifs et d\u00eeners, un barbecue\/plancha \u00e0 gaz est \u00e0 disposition.<\/p>\n","protected":false},"author":1,"featured_media":69,"parent":18,"menu_order":0,"comment_status":"closed","ping_status":"closed","template":"","meta":{"footnotes":""},"class_list":["post-22","page","type-page","status-publish","has-post-thumbnail","hentry"],"yoast_head":"<!-- This site is optimized with the Yoast SEO plugin v15.7 - https:\/\/yoast.com\/wordpress\/plugins\/seo\/ -->\n<title>Pour en profiter pleinement...<\/title>\n<meta name=\"robots\" content=\"index, follow, max-snippet:-1, max-image-preview:large, max-video-preview:-1\" \/>\n<link rel=\"canonical\" href=\"https:\/\/maisonlacroixvalmer.fr\/index.php\/accueil\/une-section-de-page-daccueil\/\" \/>\n<meta property=\"og:locale\" content=\"fr_FR\" \/>\n<meta property=\"og:locale:alternate\" content=\"en_US\" \/>\n<meta property=\"og:locale:alternate\" content=\"de_DE\" \/>\n<meta property=\"og:type\" content=\"article\" \/>\n<meta property=\"og:title\" content=\"Pour en profiter pleinement...\" \/>\n<meta property=\"og:description\" content=\"La piscine, le terrain de p\u00e9tanque, les nombreuses chaises longues, tables et chaises ext\u00e9rieures vous attendent. Pour les plus courageux, la table de Ping-Pong est aussi disponible. Pour agr\u00e9menter vos ap\u00e9ritifs et d\u00eeners, un barbecue\/plancha \u00e0 gaz est \u00e0 disposition.\" \/>\n<meta property=\"og:url\" content=\"https:\/\/maisonlacroixvalmer.fr\/index.php\/accueil\/une-section-de-page-daccueil\/\" \/>\n<meta property=\"og:site_name\" content=\"Villa La Croix-Valmer\" \/>\n<meta property=\"article:modified_time\" content=\"2026-03-22T17:04:46+00:00\" \/>\n<meta property=\"og:image\" content=\"https:\/\/maisonlacroixvalmer.fr\/wp-content\/uploads\/2020\/02\/Piscine3.jpg\" \/>\n\t<meta property=\"og:image:width\" content=\"2016\" \/>\n\t<meta property=\"og:image:height\" content=\"1512\" \/>\n<meta name=\"twitter:card\" content=\"summary_large_image\" \/>\n<meta name=\"twitter:label1\" content=\"Dur\u00e9e de lecture est.\">\n\t<meta name=\"twitter:data1\" content=\"1 minute\">\n<script type=\"application\/ld+json\" class=\"yoast-schema-graph\">{\"@context\":\"https:\/\/schema.org\",\"@graph\":[{\"@type\":\"Organization\",\"@id\":\"https:\/\/maisonlacroixvalmer.fr\/#organization\",\"name\":\"Location saisonni\\u00e8re MaisonLaCroixValmer Masraja\",\"url\":\"https:\/\/maisonlacroixvalmer.fr\/\",\"sameAs\":[],\"logo\":{\"@type\":\"ImageObject\",\"@id\":\"https:\/\/maisonlacroixvalmer.fr\/#logo\",\"inLanguage\":\"fr-FR\",\"url\":\"https:\/\/maisonlacroixvalmer.fr\/wp-content\/uploads\/2020\/02\/VuedelaPiscine.jpg\",\"width\":2016,\"height\":1512,\"caption\":\"Location saisonni\\u00e8re MaisonLaCroixValmer Masraja\"},\"image\":{\"@id\":\"https:\/\/maisonlacroixvalmer.fr\/#logo\"}},{\"@type\":\"WebSite\",\"@id\":\"https:\/\/maisonlacroixvalmer.fr\/#website\",\"url\":\"https:\/\/maisonlacroixvalmer.fr\/\",\"name\":\"Villa La Croix-Valmer\",\"description\":\"Pour que vos vacances ne soient que pur plaisir\",\"publisher\":{\"@id\":\"https:\/\/maisonlacroixvalmer.fr\/#organization\"},\"potentialAction\":[{\"@type\":\"SearchAction\",\"target\":\"https:\/\/maisonlacroixvalmer.fr\/?s={search_term_string}\",\"query-input\":\"required name=search_term_string\"}],\"inLanguage\":\"fr-FR\"},{\"@type\":\"ImageObject\",\"@id\":\"https:\/\/maisonlacroixvalmer.fr\/index.php\/accueil\/une-section-de-page-daccueil\/#primaryimage\",\"inLanguage\":\"fr-FR\",\"url\":\"https:\/\/maisonlacroixvalmer.fr\/wp-content\/uploads\/2020\/02\/Piscine3.jpg\",\"width\":2016,\"height\":1512},{\"@type\":\"WebPage\",\"@id\":\"https:\/\/maisonlacroixvalmer.fr\/index.php\/accueil\/une-section-de-page-daccueil\/#webpage\",\"url\":\"https:\/\/maisonlacroixvalmer.fr\/index.php\/accueil\/une-section-de-page-daccueil\/\",\"name\":\"[:en]To enjoy your time here ...[:de]Damit es nur Spass wird...[:fr]Pour en profiter pleinement...[:] - Villa La Croix-Valmer\",\"isPartOf\":{\"@id\":\"https:\/\/maisonlacroixvalmer.fr\/#website\"},\"primaryImageOfPage\":{\"@id\":\"https:\/\/maisonlacroixvalmer.fr\/index.php\/accueil\/une-section-de-page-daccueil\/#primaryimage\"},\"datePublished\":\"2020-02-16T13:09:53+00:00\",\"dateModified\":\"2026-03-22T17:04:46+00:00\",\"inLanguage\":\"fr-FR\",\"potentialAction\":[{\"@type\":\"ReadAction\",\"target\":[\"https:\/\/maisonlacroixvalmer.fr\/index.php\/accueil\/une-section-de-page-daccueil\/\"]}]}]}<\/script>\n<!-- \/ Yoast SEO plugin. -->","_links":{"self":[{"href":"https:\/\/maisonlacroixvalmer.fr\/index.php\/wp-json\/wp\/v2\/pages\/22","targetHints":{"allow":["GET"]}}],"collection":[{"href":"https:\/\/maisonlacroixvalmer.fr\/index.php\/wp-json\/wp\/v2\/pages"}],"about":[{"href":"https:\/\/maisonlacroixvalmer.fr\/index.php\/wp-json\/wp\/v2\/types\/page"}],"author":[{"embeddable":true,"href":"https:\/\/maisonlacroixvalmer.fr\/index.php\/wp-json\/wp\/v2\/users\/1"}],"replies":[{"embeddable":true,"href":"https:\/\/maisonlacroixvalmer.fr\/index.php\/wp-json\/wp\/v2\/comments?post=22"}],"version-history":[{"count":9,"href":"https:\/\/maisonlacroixvalmer.fr\/index.php\/wp-json\/wp\/v2\/pages\/22\/revisions"}],"predecessor-version":[{"id":347,"href":"https:\/\/maisonlacroixvalmer.fr\/index.php\/wp-json\/wp\/v2\/pages\/22\/revisions\/347"}],"up":[{"embeddable":true,"href":"https:\/\/maisonlacroixvalmer.fr\/index.php\/wp-json\/wp\/v2\/pages\/18"}],"wp:featuredmedia":[{"embeddable":true,"href":"https:\/\/maisonlacroixvalmer.fr\/index.php\/wp-json\/wp\/v2\/media\/69"}],"wp:attachment":[{"href":"https:\/\/maisonlacroixvalmer.fr\/index.php\/wp-json\/wp\/v2\/media?parent=22"}],"curies":[{"name":"wp","href":"https:\/\/api.w.org\/{rel}","templated":true}]}}