{"id":18,"date":"2020-02-16T14:09:53","date_gmt":"2020-02-16T13:09:53","guid":{"rendered":"http:\/\/maisonlacroixvalmer.fr\/?page_id=18"},"modified":"2021-02-06T16:41:04","modified_gmt":"2021-02-06T15:41:04","slug":"accueil","status":"publish","type":"page","link":"https:\/\/maisonlacroixvalmer.fr","title":{"rendered":"Accueil"},"content":{"rendered":"\n<p>Bienvenue chez vous en vacances.<\/p>\n\n\n\n<p>Cette maison familiale \u00e0 800m de la plage est accessible \u00e0 la location saisonni\u00e8re.<\/p>\n","protected":false},"excerpt":{"rendered":"<p>Bienvenue chez vous en vacances. Cette maison familiale \u00e0 800m de la plage est accessible \u00e0 la location saisonni\u00e8re.<\/p>\n","protected":false},"author":1,"featured_media":71,"parent":0,"menu_order":0,"comment_status":"closed","ping_status":"closed","template":"","meta":{"footnotes":""},"class_list":["post-18","page","type-page","status-publish","has-post-thumbnail","hentry"],"yoast_head":"<!-- This site is optimized with the Yoast SEO plugin v15.7 - https:\/\/yoast.com\/wordpress\/plugins\/seo\/ -->\n<title>Accueil<\/title>\n<meta name=\"description\" content=\"Location saisonni\u00e8re \u00e0 La Croix-Valmer. Villa avec piscine, vue mer, 800m de la plage, 10 p, climatisation, table de ping pong, terrain de p\u00e9tanque, BBQ.\" \/>\n<meta name=\"robots\" content=\"index, follow, max-snippet:-1, max-image-preview:large, max-video-preview:-1\" \/>\n<link rel=\"canonical\" href=\"https:\/\/maisonlacroixvalmer.fr\" \/>\n<meta property=\"og:locale\" content=\"fr_FR\" \/>\n<meta property=\"og:locale:alternate\" content=\"en_US\" \/>\n<meta property=\"og:locale:alternate\" content=\"de_DE\" \/>\n<meta property=\"og:type\" content=\"article\" \/>\n<meta property=\"og:title\" content=\"Accueil\" \/>\n<meta property=\"og:description\" content=\"Location saisonni\u00e8re \u00e0 La Croix-Valmer. Villa avec piscine, vue mer, 800m de la plage, 10 p, climatisation, table de ping pong, terrain de p\u00e9tanque, BBQ.\" \/>\n<meta property=\"og:url\" content=\"https:\/\/maisonlacroixvalmer.fr\/\" \/>\n<meta property=\"og:site_name\" content=\"Villa La Croix-Valmer\" \/>\n<meta property=\"article:modified_time\" content=\"2021-02-06T15:41:04+00:00\" \/>\n<meta property=\"og:image\" content=\"https:\/\/maisonlacroixvalmer.fr\/wp-content\/uploads\/2020\/02\/Piscine5.jpg\" \/>\n\t<meta property=\"og:image:width\" content=\"2016\" \/>\n\t<meta property=\"og:image:height\" content=\"1512\" \/>\n<meta name=\"twitter:card\" content=\"summary_large_image\" \/>\n<meta name=\"twitter:label1\" content=\"Dur\u00e9e de lecture est.\">\n\t<meta name=\"twitter:data1\" content=\"1 minute\">\n<script type=\"application\/ld+json\" class=\"yoast-schema-graph\">{\"@context\":\"https:\/\/schema.org\",\"@graph\":[{\"@type\":\"Organization\",\"@id\":\"https:\/\/maisonlacroixvalmer.fr\/#organization\",\"name\":\"Location saisonni\\u00e8re MaisonLaCroixValmer Masraja\",\"url\":\"https:\/\/maisonlacroixvalmer.fr\/\",\"sameAs\":[],\"logo\":{\"@type\":\"ImageObject\",\"@id\":\"https:\/\/maisonlacroixvalmer.fr\/#logo\",\"inLanguage\":\"fr-FR\",\"url\":\"https:\/\/maisonlacroixvalmer.fr\/wp-content\/uploads\/2020\/02\/VuedelaPiscine.jpg\",\"width\":2016,\"height\":1512,\"caption\":\"Location saisonni\\u00e8re MaisonLaCroixValmer Masraja\"},\"image\":{\"@id\":\"https:\/\/maisonlacroixvalmer.fr\/#logo\"}},{\"@type\":\"WebSite\",\"@id\":\"https:\/\/maisonlacroixvalmer.fr\/#website\",\"url\":\"https:\/\/maisonlacroixvalmer.fr\/\",\"name\":\"Villa La Croix-Valmer\",\"description\":\"Pour que vos vacances ne soient que pur plaisir\",\"publisher\":{\"@id\":\"https:\/\/maisonlacroixvalmer.fr\/#organization\"},\"potentialAction\":[{\"@type\":\"SearchAction\",\"target\":\"https:\/\/maisonlacroixvalmer.fr\/?s={search_term_string}\",\"query-input\":\"required name=search_term_string\"}],\"inLanguage\":\"fr-FR\"},{\"@type\":\"ImageObject\",\"@id\":\"https:\/\/maisonlacroixvalmer.fr\/#primaryimage\",\"inLanguage\":\"fr-FR\",\"url\":\"https:\/\/maisonlacroixvalmer.fr\/wp-content\/uploads\/2020\/02\/Piscine5.jpg\",\"width\":2016,\"height\":1512},{\"@type\":\"WebPage\",\"@id\":\"https:\/\/maisonlacroixvalmer.fr\/#webpage\",\"url\":\"https:\/\/maisonlacroixvalmer.fr\/\",\"name\":\"[:en]Enjoy your next holiday[:de]Willkommen f\\u00fcr Ihre n\\u00e4chste Urlaub![:fr]Accueil[:] - Villa La Croix-Valmer\",\"isPartOf\":{\"@id\":\"https:\/\/maisonlacroixvalmer.fr\/#website\"},\"primaryImageOfPage\":{\"@id\":\"https:\/\/maisonlacroixvalmer.fr\/#primaryimage\"},\"datePublished\":\"2020-02-16T13:09:53+00:00\",\"dateModified\":\"2021-02-06T15:41:04+00:00\",\"description\":\"Location saisonni\\u00e8re \\u00e0 La Croix-Valmer. Villa avec piscine, vue mer, 800m de la plage, 10 p, climatisation, table de ping pong, terrain de p\\u00e9tanque, BBQ.\",\"inLanguage\":\"fr-FR\",\"potentialAction\":[{\"@type\":\"ReadAction\",\"target\":[\"https:\/\/maisonlacroixvalmer.fr\/\"]}]}]}<\/script>\n<!-- \/ Yoast SEO plugin. -->","_links":{"self":[{"href":"https:\/\/maisonlacroixvalmer.fr\/index.php\/wp-json\/wp\/v2\/pages\/18","targetHints":{"allow":["GET"]}}],"collection":[{"href":"https:\/\/maisonlacroixvalmer.fr\/index.php\/wp-json\/wp\/v2\/pages"}],"about":[{"href":"https:\/\/maisonlacroixvalmer.fr\/index.php\/wp-json\/wp\/v2\/types\/page"}],"author":[{"embeddable":true,"href":"https:\/\/maisonlacroixvalmer.fr\/index.php\/wp-json\/wp\/v2\/users\/1"}],"replies":[{"embeddable":true,"href":"https:\/\/maisonlacroixvalmer.fr\/index.php\/wp-json\/wp\/v2\/comments?post=18"}],"version-history":[{"count":7,"href":"https:\/\/maisonlacroixvalmer.fr\/index.php\/wp-json\/wp\/v2\/pages\/18\/revisions"}],"predecessor-version":[{"id":282,"href":"https:\/\/maisonlacroixvalmer.fr\/index.php\/wp-json\/wp\/v2\/pages\/18\/revisions\/282"}],"wp:featuredmedia":[{"embeddable":true,"href":"https:\/\/maisonlacroixvalmer.fr\/index.php\/wp-json\/wp\/v2\/media\/71"}],"wp:attachment":[{"href":"https:\/\/maisonlacroixvalmer.fr\/index.php\/wp-json\/wp\/v2\/media?parent=18"}],"curies":[{"name":"wp","href":"https:\/\/api.w.org\/{rel}","templated":true}]}}